{"id":1030,"date":"2018-10-17T09:27:40","date_gmt":"2018-10-17T07:27:40","guid":{"rendered":"https:\/\/skyservice.dk\/wordpress\/jmdata\/?page_id=1030"},"modified":"2021-08-25T09:18:35","modified_gmt":"2021-08-25T07:18:35","slug":"microsoft-365","status":"publish","type":"page","link":"https:\/\/skyservice.dk\/wordpress\/jmdata\/produkter\/microsoft-365","title":{"rendered":"Microsoft 365"},"content":{"rendered":"<div class=\"vc_row wpb_row row top-row\"><div class=\"vc_column_container col-md-12\"><div class=\"wpb_wrapper vc_column-inner\">\n\t<div class=\"wpb_text_column wpb_content_element \" >\n\t\t<div class=\"wpb_wrapper\">\n\t\t\t<p class=\"\">Med et abonnement p\u00e5 Microsoft 365 kan du f\u00e5 den nyeste version af Office, ekstra OneDrive-lagerplads samt mobile Office-apps, s\u00e5 du kan f\u00e5 tingene fra h\u00e5nden p\u00e5 n\u00e6rmest enhver enhed. <!--more-->Der er liges\u00e5 mulighed for, at f\u00e5 ens mail placeret i Microsoft 365, til ganske favorable priser &#8211; slut med egen mailserver.<\/p>\n<p><img loading=\"lazy\" decoding=\"async\" class=\"alignleft wp-image-1486 size-full\" src=\"https:\/\/skyservice.dk\/wordpress\/jmdata\/wp-content\/uploads\/2020\/05\/article_microsoft365.png\" alt=\"\" width=\"840\" height=\"80\" srcset=\"https:\/\/skyservice.dk\/wordpress\/jmdata\/wp-content\/uploads\/2020\/05\/article_microsoft365.png 840w, https:\/\/skyservice.dk\/wordpress\/jmdata\/wp-content\/uploads\/2020\/05\/article_microsoft365-768x73.png 768w, https:\/\/skyservice.dk\/wordpress\/jmdata\/wp-content\/uploads\/2020\/05\/article_microsoft365-640x61.png 640w, https:\/\/skyservice.dk\/wordpress\/jmdata\/wp-content\/uploads\/2020\/05\/article_microsoft365-400x38.png 400w, https:\/\/skyservice.dk\/wordpress\/jmdata\/wp-content\/uploads\/2020\/05\/article_microsoft365-367x35.png 367w\" sizes=\"auto, (max-width: 840px) 100vw, 840px\" \/><\/p>\n<p>Det virker s\u00e5ledes: til en lav m\u00e5nedlig eller \u00e5rlig pris kan du f\u00e5 den seneste version af Office-apps, som du kan installere p\u00e5 din pc eller Mac.<\/p>\n<p>Lige nu er det Office 2019, men du bliver ved med at modtage nye opdateringer, lige fra sm\u00e5 finjusteringer til helt nye funktioner.<\/p>\n<p>Og fordi det fungerer p\u00e5 alle dine enheder, kan du starte p\u00e5 din pc eller Mac, forts\u00e6tte redigeringen p\u00e5 din tablet, og f\u00e6rdigg\u00f8re p\u00e5 telefonen.<\/p>\n<p>Alt dette er muligt, fordi du kan gemme dine filer i skyen p\u00e5 OneDrive, og f\u00e5 fat i dem hvor som helst.<\/p>\n<p>Gem enhver filtype, herunder billeder, regneark, pr\u00e6sentationer og meget mere.<\/p>\n<p>Microsoft 365 leveres med mobile versioner af Office til alle dine enheder. Disse mobile apps leveres med premium-funktioner, som du ikke kan f\u00e5 andre steder.<\/p>\n<p>T\u00e6nk p\u00e5 Microsoft 365 som dit hj\u00f8rne af skyen. Det er det velkendte Office, som er bygget til den moderne verden, s\u00e5 du kan bruge det alle steder.<\/p>\n\n\t\t<\/div>\n\t<\/div>\n<\/div><\/div><\/div><div class=\"vc_row wpb_row row top-row\"><div class=\"vc_column_container col-md-3\"><div class=\"wpb_wrapper vc_column-inner\">\n\t<div class=\"wpb_text_column wpb_content_element \" >\n\t\t<div class=\"wpb_wrapper\">\n\t\t\t<p><strong>Word<\/strong><\/p>\n<p>Opret, skriv og rediger professionelle tekstdokumenter. Registrer dine og andres \u00e6ndringer, og hold styr p\u00e5 kommentarer i dine Word-dokumenter &#8211; og mark\u00e9r dem som udf\u00f8rt med svarknappen.<\/p>\n\n\t\t<\/div>\n\t<\/div>\n<\/div><\/div><div class=\"vc_column_container col-md-3\"><div class=\"wpb_wrapper vc_column-inner\">\n\t<div class=\"wpb_text_column wpb_content_element \" >\n\t\t<div class=\"wpb_wrapper\">\n\t\t\t<p><strong>Excel<\/strong><\/p>\n<p>Opret tabeller og formler og evaluer dem med skarpe analysev\u00e6rkt\u00f8jer. Spar tid p\u00e5 at formatere oplysninger i Excel, s\u00e5 du hurtigere kan opn\u00e5 indsigt ud fra dine data. Nye v\u00e6rkt\u00f8jer genkender dine m\u00f8nstre og udfylder automatisk data. Excel anbefaler diagrammer, der er bedst egnet til dine data, og giver dig et eksempel p\u00e5, hvordan dataene kommer til at se ud.<\/p>\n\n\t\t<\/div>\n\t<\/div>\n<\/div><\/div><div class=\"vc_column_container col-md-3\"><div class=\"wpb_wrapper vc_column-inner\">\n\t<div class=\"wpb_text_column wpb_content_element \" >\n\t\t<div class=\"wpb_wrapper\">\n\t\t\t<p><strong>PowerPoint<\/strong><\/p>\n<p>Overbevis dit publikum med imponerende pr\u00e6sentationer. Del din PowerPoint pr\u00e6sentation via nettet, s\u00e5 dit publikum kan v\u00e6re med, uanset hvor de befinder sig.<\/p>\n\n\t\t<\/div>\n\t<\/div>\n<\/div><\/div><div class=\"vc_column_container col-md-3\"><div class=\"wpb_wrapper vc_column-inner\">\n\t<div class=\"wpb_text_column wpb_content_element \" >\n\t\t<div class=\"wpb_wrapper\">\n\t\t\t<p><strong>OneNote<\/strong><\/p>\n<p>Saml dine noter et centralt sted. Integrer Excel regneark, diagrammer, lydklip, videoer og stort set alle andre slags filer i dine OneNote notesb\u00f8ger. Du kan gemme, s\u00f8ge i og synkronisere noterne med OneNote apps p\u00e5 dine \u00f8vrige enheder, s\u00e5 du kan bruge eller dele dem, uanset hvor du er.<\/p>\n\n\t\t<\/div>\n\t<\/div>\n<\/div><\/div><\/div><div class=\"vc_row wpb_row row top-row\"><div class=\"vc_column_container col-md-3\"><div class=\"wpb_wrapper vc_column-inner\">\n\t<div class=\"wpb_text_column wpb_content_element \" >\n\t\t<div class=\"wpb_wrapper\">\n\t\t\t<p><strong>Outlook<\/strong><\/p>\n<p>F\u00e5 styr p\u00e5 dine kontakter, e-mails og deadlines. Reager hurtigere via de integrerede svar, der er placeret i den oprindelige meddelelse i Outlook. Du skriver bare svaret i l\u00e6seruden.<\/p>\n\n\t\t<\/div>\n\t<\/div>\n<\/div><\/div><div class=\"vc_column_container col-md-3\"><div class=\"wpb_wrapper vc_column-inner\">\n\t<div class=\"wpb_text_column wpb_content_element \" >\n\t\t<div class=\"wpb_wrapper\">\n\t\t\t<p><strong>Publisher (kun PC)<\/strong><\/p>\n<p>Skab professionelle publikationer og marketingmaterialer. Spar tid med muligheder for billedudskrivning online i Publisher.<\/p>\n\n\t\t<\/div>\n\t<\/div>\n<\/div><\/div><div class=\"vc_column_container col-md-3\"><div class=\"wpb_wrapper vc_column-inner\">\n\t<div class=\"wpb_text_column wpb_content_element \" >\n\t\t<div class=\"wpb_wrapper\">\n\t\t\t<p><strong>Access (kun PC)<\/strong><\/p>\n<p>Administr\u00e9r dine databaser og opret statusrapporter. Opret hurtigt lister og opsummeringer af data fra en relateret tabel eller foresp\u00f8rgsel i Access. Du skal blot klikke p\u00e5 et element for at \u00e5bne en detaljeret visning af det.<\/p>\n\n\t\t<\/div>\n\t<\/div>\n<\/div><\/div><div class=\"vc_column_container col-md-3\"><div class=\"wpb_wrapper vc_column-inner\">\n\t<div class=\"wpb_text_column wpb_content_element \" >\n\t\t<div class=\"wpb_wrapper\">\n\t\t\t<p><strong>OneDrive<\/strong><\/p>\n<p>Brug OneDrive til at gemme dokumenter, noter, fotos, musik, videoer eller andre filtyper. Du kan f\u00e5 adgang til dine filer fra stort set alle enheder, og du kan dele filerne med andre.<\/p>\n\n\t\t<\/div>\n\t<\/div>\n<\/div><\/div><\/div><div class=\"vc_row wpb_row row top-row\"><div class=\"vc_column_container col-md-3\"><div class=\"wpb_wrapper vc_column-inner\">\n\t<div class=\"wpb_text_column wpb_content_element \" >\n\t\t<div class=\"wpb_wrapper\">\n\t\t\t<p><strong>SharePoint<\/strong><\/p>\n<p>Microsoft SharePoint er en webbaseret videndelings- og dokumentstyringsportal fra Microsoft. Du kan bruge den til at konstruere websteder til at dele information og samarbejde med andre om dokumenter. SharePoint er ikke tilt\u00e6nkt at skulle erstatte den normale filserver, men som et samlingssted for deling af information.<\/p>\n\n\t\t<\/div>\n\t<\/div>\n<\/div><\/div><div class=\"vc_column_container col-md-3\"><div class=\"wpb_wrapper vc_column-inner\">\n\t<div class=\"wpb_text_column wpb_content_element \" >\n\t\t<div class=\"wpb_wrapper\">\n\t\t\t<p><strong>Skype for Business<\/strong><\/p>\n<p>Saml dit team ved blot at dele et link &#8211; med et enkelt klik kan alle nemlig deltage i dit onlinem\u00f8de p\u00e5 enhver enhed. M\u00f8dets webadresse er tilpasset kun til jer. Optag m\u00f8der, del din sk\u00e6rm og lav noter i PowerPoints for at samarbejde i realtid med op til 250 personer.<\/p>\n\n\t\t<\/div>\n\t<\/div>\n<\/div><\/div><div class=\"vc_column_container col-md-3\"><div class=\"wpb_wrapper vc_column-inner\">\n\t<div class=\"wpb_text_column wpb_content_element \" >\n\t\t<div class=\"wpb_wrapper\">\n\t\t\t<p><strong>Microsoft Teams<\/strong><\/p>\n<p>Kommuniker ved hj\u00e6lp af chat, m\u00f8der og opkald. Teams er \u00e9n samlet l\u00f8sning til chat og onlinem\u00f8der. V\u00e6r v\u00e6rt for lyd-, video- og onlinem\u00f8der, og chat med personer inden for din organisation s\u00e5vel som uden for. Samarbejd med andre vha. integrerede Office 365-apps. Med Teams er teamwork en leg.<\/p>\n\n\t\t<\/div>\n\t<\/div>\n<\/div><\/div><div class=\"vc_column_container col-md-3\"><div class=\"wpb_wrapper vc_column-inner\">\n\t<div class=\"wpb_text_column wpb_content_element \" >\n\t\t<div class=\"wpb_wrapper\">\n\t\t\t<p><strong>Yammer<\/strong><\/p>\n<p>Yammer hj\u00e6lper dig med at \u00f8ge engagementet hos alle i organisationen. Opret communities, der f\u00f8rer folk sammen om f\u00e6lles emner, interesser og arbejdsomr\u00e5der. Indsaml ideer og feedback p\u00e5 tv\u00e6rs af dit professionelle netv\u00e6rk for at bygge videre p\u00e5 andres arbejde og opn\u00e5 bedre resultater.<\/p>\n\n\t\t<\/div>\n\t<\/div>\n<\/div><\/div><\/div><div class=\"vc_row wpb_row row top-row\"><div class=\"vc_column_container col-md-12\"><div class=\"wpb_wrapper vc_column-inner\">\n\t<div class=\"wpb_text_column wpb_content_element \" >\n\t\t<div class=\"wpb_wrapper\">\n\t\t\t<p>Ring venligst p\u00e5 tlf.nr. 3049 7257 eller skriv til <a href=\"mailto:salg@jmdata.dk\">salg@jmdata.dk<\/a>\u00a0for n\u00e6rmere information.<\/p>\n\n\t\t<\/div>\n\t<\/div>\n<\/div><\/div><\/div>\n","protected":false},"excerpt":{"rendered":"<p>Med et abonnement p\u00e5 Microsoft 365 kan du f\u00e5 den nyeste version af Office, ekstra OneDrive-lagerplads samt mobile Office-apps, s\u00e5 du kan f\u00e5 tingene fra h\u00e5nden p\u00e5 n\u00e6rmest enhver enhed.<\/p>\n","protected":false},"author":3,"featured_media":0,"parent":454,"menu_order":3,"comment_status":"closed","ping_status":"closed","template":"","meta":{"footnotes":""},"categories":[17],"tags":[46,44,47,45],"class_list":["post-1030","page","type-page","status-publish","hentry","category-produkter","tag-excel","tag-office-365","tag-outlook","tag-word"],"_links":{"self":[{"href":"https:\/\/skyservice.dk\/wordpress\/jmdata\/wp-json\/wp\/v2\/pages\/1030","targetHints":{"allow":["GET"]}}],"collection":[{"href":"https:\/\/skyservice.dk\/wordpress\/jmdata\/wp-json\/wp\/v2\/pages"}],"about":[{"href":"https:\/\/skyservice.dk\/wordpress\/jmdata\/wp-json\/wp\/v2\/types\/page"}],"author":[{"embeddable":true,"href":"https:\/\/skyservice.dk\/wordpress\/jmdata\/wp-json\/wp\/v2\/users\/3"}],"replies":[{"embeddable":true,"href":"https:\/\/skyservice.dk\/wordpress\/jmdata\/wp-json\/wp\/v2\/comments?post=1030"}],"version-history":[{"count":14,"href":"https:\/\/skyservice.dk\/wordpress\/jmdata\/wp-json\/wp\/v2\/pages\/1030\/revisions"}],"predecessor-version":[{"id":1646,"href":"https:\/\/skyservice.dk\/wordpress\/jmdata\/wp-json\/wp\/v2\/pages\/1030\/revisions\/1646"}],"up":[{"embeddable":true,"href":"https:\/\/skyservice.dk\/wordpress\/jmdata\/wp-json\/wp\/v2\/pages\/454"}],"wp:attachment":[{"href":"https:\/\/skyservice.dk\/wordpress\/jmdata\/wp-json\/wp\/v2\/media?parent=1030"}],"wp:term":[{"taxonomy":"category","embeddable":true,"href":"https:\/\/skyservice.dk\/wordpress\/jmdata\/wp-json\/wp\/v2\/categories?post=1030"},{"taxonomy":"post_tag","embeddable":true,"href":"https:\/\/skyservice.dk\/wordpress\/jmdata\/wp-json\/wp\/v2\/tags?post=1030"}],"curies":[{"name":"wp","href":"https:\/\/api.w.org\/{rel}","templated":true}]}}