{"id":17,"date":"2014-12-01T18:00:48","date_gmt":"2014-12-01T17:00:48","guid":{"rendered":"http:\/\/advokat.wordpress.skyservice.dk:8888\/?page_id=17"},"modified":"2021-08-25T09:18:00","modified_gmt":"2021-08-25T07:18:00","slug":"dynamics-365-business-central","status":"publish","type":"page","link":"https:\/\/skyservice.dk\/wordpress\/jmdata\/produkter\/dynamics-365-business-central","title":{"rendered":"Dynamics 365 Business Central"},"content":{"rendered":"<p><strong>Den komplette l\u00f8sning<\/strong> &#8211; Dynamics 365 Business Central er Microsoft\u2019 ERP l\u00f8sning til mindre og mellemstore virksomheder. Dynamics 365 Business Central er en komplet standardl\u00f8sning, der h\u00e5ndterer alle virksomhedens grundfunktioner indenfor Finans, K\u00f8b, Salg og Lager.<!--more--> Samtidig indeholder den komplette ERP l\u00f8sning moduler til h\u00e5ndtering af \u00d8konomistyring, Time\/Sag, Service, Anl\u00e6g, Produktion og Ordrestyring. Dynamics NAV er en l\u00f8sning som g\u00f8r det muligt for dig at styre din virksomhed.<\/p>\n<p><img loading=\"lazy\" decoding=\"async\" class=\"alignleft wp-image-1484 size-full\" src=\"https:\/\/skyservice.dk\/wordpress\/jmdata\/wp-content\/uploads\/2020\/05\/article_d365bc.png\" alt=\"\" width=\"840\" height=\"80\" srcset=\"https:\/\/skyservice.dk\/wordpress\/jmdata\/wp-content\/uploads\/2020\/05\/article_d365bc.png 840w, https:\/\/skyservice.dk\/wordpress\/jmdata\/wp-content\/uploads\/2020\/05\/article_d365bc-768x73.png 768w, https:\/\/skyservice.dk\/wordpress\/jmdata\/wp-content\/uploads\/2020\/05\/article_d365bc-640x61.png 640w, https:\/\/skyservice.dk\/wordpress\/jmdata\/wp-content\/uploads\/2020\/05\/article_d365bc-400x38.png 400w, https:\/\/skyservice.dk\/wordpress\/jmdata\/wp-content\/uploads\/2020\/05\/article_d365bc-367x35.png 367w\" sizes=\"auto, (max-width: 840px) 100vw, 840px\" \/><\/p>\n<p><strong>Det enkle og innovative<\/strong> &#8211; Lige fra starten har det enkle v\u00e6ret en drivkraft i udviklingen af Dynamics 365 Business Central. \u201dSimplicity\u201d var en del af varem\u00e6rket lige fra de f\u00f8rste versioner af Navision. Samtidig har Dynamics 365 Business Central altid v\u00e6ret kendt for innovativ teknologi. Dynamics 365 Business Central har fra start af, v\u00e6ret en \u00e6gte Client\/Server l\u00f8sning, der aldrig svigtede grundet sit versionsprincip og som altid sikrede konsistente data.<\/p>\n<p><strong>\u00d8get produktivitet<\/strong> &#8211; Du vil komme til at opleve en markant forbedring i din produktivitet. Dynamics 365 Business Central er fyldt med funktionalitet som fra f\u00f8rste dag letter det daglige arbejde. Samtidig vil du opleve hvor nemt det bliver at f\u00e5 et overblik over alle de informationer virksomheden samler i Dynamics 365 Business Central. Opgaver der f\u00f8r tog lang tid, udf\u00f8res nu p\u00e5 ingen tid. Samtidig vil du opleve at Dynamics 365 Business Central \u00e5bner for helt nye muligheder for at analysere virksomhedens data. Du f\u00e5r ganske enkelt flere informationer, til at tr\u00e6ffe bedre beslutninger hurtigere.<\/p>\n<p><strong>Ops\u00e6tningen er enkel<\/strong> &#8211; Selv om Dynamics 365 Business Central i dag er en omfattende ERP l\u00f8sning, s\u00e5 er det ganske nemt at ops\u00e6tte de moduler du netop skal bruge, de andre moduler beh\u00f8ver du ikke at tage stilling til. I Dynamics 365 Business Central er der en indbygget Wizard som hj\u00e6lper dig med at ops\u00e6tte og f\u00e5 taget stilling til, lige pr\u00e6cis de informationer der er n\u00f8dvendige for at kunne starte. Samtidig f\u00e5r du en r\u00e6kke hj\u00e6lpev\u00e6rkt\u00f8jer til brug for den l\u00f8bende oprettelse af stamdata.<\/p>\n<p>Ring venligst p\u00e5 tlf.nr. 3049 7257 eller skriv til <span style=\"text-decoration: underline;\"><a href=\"mailto:salg@jmdata.dk\">salg@jmdata.dk<\/a><\/span> for n\u00e6rmere information.<\/p>\n","protected":false},"excerpt":{"rendered":"<p>Den komplette l\u00f8sning &#8211; Dynamics 365 Business Central er Microsoft\u2019 ERP l\u00f8sning til mindre og mellemstore virksomheder. Dynamics 365 Business Central er en komplet standardl\u00f8sning, der h\u00e5ndterer alle virksomhedens grundfunktioner indenfor Finans, K\u00f8b, Salg og Lager.<\/p>\n","protected":false},"author":3,"featured_media":0,"parent":454,"menu_order":1,"comment_status":"closed","ping_status":"closed","template":"","meta":{"footnotes":""},"categories":[],"tags":[80,81,7,8],"class_list":["post-17","page","type-page","status-publish","hentry","tag-business","tag-central","tag-dynamics","tag-nav"],"_links":{"self":[{"href":"https:\/\/skyservice.dk\/wordpress\/jmdata\/wp-json\/wp\/v2\/pages\/17","targetHints":{"allow":["GET"]}}],"collection":[{"href":"https:\/\/skyservice.dk\/wordpress\/jmdata\/wp-json\/wp\/v2\/pages"}],"about":[{"href":"https:\/\/skyservice.dk\/wordpress\/jmdata\/wp-json\/wp\/v2\/types\/page"}],"author":[{"embeddable":true,"href":"https:\/\/skyservice.dk\/wordpress\/jmdata\/wp-json\/wp\/v2\/users\/3"}],"replies":[{"embeddable":true,"href":"https:\/\/skyservice.dk\/wordpress\/jmdata\/wp-json\/wp\/v2\/comments?post=17"}],"version-history":[{"count":10,"href":"https:\/\/skyservice.dk\/wordpress\/jmdata\/wp-json\/wp\/v2\/pages\/17\/revisions"}],"predecessor-version":[{"id":1645,"href":"https:\/\/skyservice.dk\/wordpress\/jmdata\/wp-json\/wp\/v2\/pages\/17\/revisions\/1645"}],"up":[{"embeddable":true,"href":"https:\/\/skyservice.dk\/wordpress\/jmdata\/wp-json\/wp\/v2\/pages\/454"}],"wp:attachment":[{"href":"https:\/\/skyservice.dk\/wordpress\/jmdata\/wp-json\/wp\/v2\/media?parent=17"}],"wp:term":[{"taxonomy":"category","embeddable":true,"href":"https:\/\/skyservice.dk\/wordpress\/jmdata\/wp-json\/wp\/v2\/categories?post=17"},{"taxonomy":"post_tag","embeddable":true,"href":"https:\/\/skyservice.dk\/wordpress\/jmdata\/wp-json\/wp\/v2\/tags?post=17"}],"curies":[{"name":"wp","href":"https:\/\/api.w.org\/{rel}","templated":true}]}}