{"id":196,"date":"2014-12-01T18:00:38","date_gmt":"2014-12-01T17:00:38","guid":{"rendered":"https:\/\/skyservice.dk\/wordpress\/jmdata\/?page_id=196"},"modified":"2020-02-20T12:48:09","modified_gmt":"2020-02-20T11:48:09","slug":"artikler","status":"publish","type":"page","link":"https:\/\/skyservice.dk\/wordpress\/jmdata\/artikler","title":{"rendered":"Artikler"},"content":{"rendered":"<div class=\"vc_row wpb_row row top-row\"><div class=\"vc_column_container col-md-12\"><div class=\"wpb_wrapper vc_column-inner\">\n\t<div class=\"wpb_text_column wpb_content_element \" >\n\t\t<div class=\"wpb_wrapper\">\n\t\t\t<ul class=\"post-list with-excerpt\"><li class=\"listed-post\"><a class=\"pcs-post-title\" href=\"https:\/\/skyservice.dk\/wordpress\/jmdata\/windows-2\/nu-kommer-windows-11\" title=\"Nu kommer Windows 11\">Nu kommer Windows 11<\/a><div class=\"pcs-excerpt-wrapper\"><div class=\"pcs-excerpt\">\r\n<p>Windows 10 blev markedsf\u00f8rt som den endegyldige version af Windows. Fremover skulle det blot handle om l\u00f8bende opdateringer af denne universelle platform.<\/p>\r\n<p>Man har et standpunkt til man tager et nyt. Efter alt at d\u00f8mme kommer Microsoft nu alligevel med en opf\u00f8lger.<\/p><\/div><\/div><\/li><li class=\"listed-post\"><a class=\"pcs-post-title\" href=\"https:\/\/skyservice.dk\/wordpress\/jmdata\/windows-2\/support-til-windows-server-2008-udgaar\" title=\"Support til Windows Server 2008 udg\u00e5r\">Support til Windows Server 2008 udg\u00e5r<\/a><div class=\"pcs-excerpt-wrapper\"><div class=\"pcs-excerpt\">\n<p>Support til Windows Server 2008 og 2008 R2 oph\u00f8rer d. 14. januar 2020. Det betyder, at det ikke l\u00e6ngere er muligt at f\u00e5 de n\u00f8dvendige opdateringer, der bl.a. s\u00f8rger for virksomhedens sikkerhed og <em>compliance<\/em>.<\/p><\/div><\/div><\/li><li class=\"listed-post\"><a class=\"pcs-post-title\" href=\"https:\/\/skyservice.dk\/wordpress\/jmdata\/sikkerhed\/real-time-cyber-threat-map\" title=\"Real-time Cyber Threat Map\">Real-time Cyber Threat Map<\/a><div class=\"pcs-excerpt-wrapper\"><div class=\"pcs-excerpt\">\n<p>\n<\/p><\/div><\/div><\/li><li class=\"listed-post\"><a class=\"pcs-post-title\" href=\"https:\/\/skyservice.dk\/wordpress\/jmdata\/sikkerhed\/tomme-trusler-rammer-danskerne\" title=\"Tomme trusler rammer danskerne\">Tomme trusler rammer danskerne<\/a><div class=\"pcs-excerpt-wrapper\"><div class=\"pcs-excerpt\"><p>Endnu en gang ses der en b\u00f8lge af svindelmails der rammer Danmark, hvor afsenderen forlanger en l\u00f8sesum for ikke at frigive en kompromitterende video af modtageren.<\/p>\n<p>Svindleren p\u00e5st\u00e5r at have adgang til modtagerens kontaktoplysninger og kan samtidig oplyse et af modtagerens gamle passwords, der er l\u00e6kket i en anden forbindelse. At svindleren har et af modtagerens passwords, g\u00f8r det mere trov\u00e6rdigt &#8211; men det \u00e6ndrer ikke p\u00e5, at det er det rene fup.<\/p>\n<\/div><\/div><\/li><li class=\"listed-post\"><a class=\"pcs-post-title\" href=\"https:\/\/skyservice.dk\/wordpress\/jmdata\/sikkerhed\/windows-10-kan-nu-bekaempe-ransomware\" title=\"Windows 10 kan nu bek\u00e6mpe ransomware\">Windows 10 kan nu bek\u00e6mpe ransomware<\/a><div class=\"pcs-excerpt-wrapper\"><div class=\"pcs-excerpt\"><p>Den seneste store opdatering til <strong>Windows 10, Fall Creators Update<\/strong> (Version 1709), <strong>byder p\u00e5 en ny st\u00e6rk funktion<\/strong> \u2013 den kan nemlig forhindre, at du mister filer, hvis du bliver ramt af ransomware.<\/p>\n<p>Du beh\u00f8ver ikke l\u00e6ngere at frygte, at dine filer bliver l\u00e5st af den frygtede trussel ransomware. Det er i hvert fald intentionen med en ny funktion i <strong>Windows 10 Fall Creators Update<\/strong>, der beskytter dine filer.<\/p>\n<\/div><\/div><\/li><li class=\"listed-post\"><a class=\"pcs-post-title\" href=\"https:\/\/skyservice.dk\/wordpress\/jmdata\/sikkerhed\/persondataforordning\" title=\"Persondataforordning\">Persondataforordning<\/a><div class=\"pcs-excerpt-wrapper\"><div class=\"pcs-excerpt\"><p><strong>TJEKLISTE<\/strong><\/p>\n<p><strong>Nedenst\u00e5ende sp\u00f8rgsm\u00e5l er relateret til de vigtigste hovedomr\u00e5der i persondataforordningen.<\/strong> <strong>Virksomheden b\u00f8r g\u00f8re sig i stand til at besvare og dokumentere sine svar p\u00e5 disse sp\u00f8rgsm\u00e5l:<\/strong><br \/>\n1. Er virksomheden omfattet af forordningen? &#8211; grundl\u00e6ggende er alle data persondata, s\u00e5 snart der er data med fra en telefonbog, s\u00e5 udgangspunkt er, at alle virksomheder er med.<\/p>\n<\/div><\/div><\/li><li class=\"listed-post\"><a class=\"pcs-post-title\" href=\"https:\/\/skyservice.dk\/wordpress\/jmdata\/dynamics\/dynamics-nav-2017\" title=\"Dynamics NAV 2017\">Dynamics NAV 2017<\/a><div class=\"pcs-excerpt-wrapper\"><div class=\"pcs-excerpt\"><p>Microsoft Dynamics NAV 2017 er den nyeste version af deres ERP l\u00f8sning tidligere kaldet Navision. I den nyeste version kommer vi til at se en lang r\u00e6kke forbedringer og ikke mindst yderligere integration til Office 365.<\/p>\n<\/div><\/div><\/li><li class=\"listed-post\"><a class=\"pcs-post-title\" href=\"https:\/\/skyservice.dk\/wordpress\/jmdata\/sikkerhed\/sommer-er-hoejtid-for-falske-direktoerer\" title=\"Sommer er h\u00f8jtid for falske direkt\u00f8rer\">Sommer er h\u00f8jtid for falske direkt\u00f8rer<\/a><div class=\"pcs-excerpt-wrapper\"><div class=\"pcs-excerpt\"><p>Svindel fra kriminelle, der udgiver sig for at v\u00e6re rigtige topchefer, er st\u00e6rkt stigende. I flere tilf\u00e6lde har de kostet k\u00e6mpe tab for virksomheder.<\/p>\n<p>Det er et st\u00e6rkt stigende problem, at svindlere udgiver sig for at v\u00e6re topchefer for at lokke penge ud godtroende medarbejdere i danske virksomheder.<\/p>\n<\/div><\/div><\/li><li class=\"listed-post\"><a class=\"pcs-post-title\" href=\"https:\/\/skyservice.dk\/wordpress\/jmdata\/dynamics\/dynamics-nav-2016-er-frigivet\" title=\"Dynamics NAV 2016 er frigivet\">Dynamics NAV 2016 er frigivet<\/a><div class=\"pcs-excerpt-wrapper\"><div class=\"pcs-excerpt\"><p>Med Dynamics NAV 2016 f\u00e5r du m\u00e5ske markeds st\u00e6rkeste ERP l\u00f8sning i din virksomhed. Dynamics NAV 2016 indeholder alle de elementer der skaber en moderne platform, der bygger videre p\u00e5 tidligere versioner.<\/p>\n<\/div><\/div><\/li><li class=\"listed-post\"><a class=\"pcs-post-title\" href=\"https:\/\/skyservice.dk\/wordpress\/jmdata\/windows-2\/windows-server-2003-support-ophoerer\" title=\"Windows Server 2003 support oph\u00f8rer\">Windows Server 2003 support oph\u00f8rer<\/a><div class=\"pcs-excerpt-wrapper\"><div class=\"pcs-excerpt\"><p>Den 14. juli 2015 er det slut med support og sikkerhedsopdateringer til Microsoft Windows Server 2003 og Windows Server 2003 R2. Det er Microsofts anbefaling, at man udfaser eller opgraderer disse servere inden da, og herved undg\u00e5r risikoen ved et ikke-supporteret og ikke-sikkerhedsopdateret operativsystem.<\/p>\n<\/div><\/div><\/li><li class=\"listed-post\"><a class=\"pcs-post-title\" href=\"https:\/\/skyservice.dk\/wordpress\/jmdata\/sikkerhed\/lad-it-sikkerheden-forblive-sikker\" title=\"Lad IT sikkerheden forblive sikker\">Lad IT sikkerheden forblive sikker<\/a><div class=\"pcs-excerpt-wrapper\"><div class=\"pcs-excerpt\"><p><strong>S\u00e5dan beskytter du dig selv og undg\u00e5r at sprede sikkerhedsproblemer til andre:<br \/>\n<\/strong>1. Brug et antivirusprogram med automatisk opdatering, en firewall og et antispywareprogram. Sammen beskytter programmerne din pc mod mange angreb og skadelige programmer.<\/p>\n<p>2. Anvend opdaterede versioner af dit styresystem, din webbrowser og dit e-mailprogram. Sl\u00e5 automatisk opdatering til, hvor det er muligt, s\u00e5 glemmer du det ikke.<\/p>\n<\/div><\/div><\/li><li class=\"listed-post\"><a class=\"pcs-post-title\" href=\"https:\/\/skyservice.dk\/wordpress\/jmdata\/dynamics\/opgradere-til-dynamics-nav-2015\" title=\"Opgradere til Dynamics NAV 2015\">Opgradere til Dynamics NAV 2015<\/a><div class=\"pcs-excerpt-wrapper\"><div class=\"pcs-excerpt\"><p>Anvender du Navision Attain, Navision 4.0, 5.0, 2009 eller 2013? Den nye Dynamics NAV 2015 rummer mange muligheder for en virksomhed, der \u00f8nsker v\u00e6kst.<\/p>\n<\/div><\/div><\/li><li class=\"listed-post\"><a class=\"pcs-post-title\" href=\"https:\/\/skyservice.dk\/wordpress\/jmdata\/dynamics\/udnyt-dynamics-nav-navision\" title=\"Udnyt Dynamics NAV \/ Navision\">Udnyt Dynamics NAV \/ Navision<\/a><div class=\"pcs-excerpt-wrapper\"><div class=\"pcs-excerpt\"><p>Microsoft Dynamics NAV (tidligere Navision) leverer omfattende virksomhedsstyringsfunktionalitet, fra \u00f8konomi over forsyningsk\u00e6de til produktion m.m. Det sammenk\u00e6der enhederne i din organisation og giver dig indsigt i og styring med, hvad der sker i din virksomhed. Samtidig underst\u00f8tter det st\u00e6rkt specialiserede brancher med effektive l\u00f8sninger, som er udviklet af Microsoft-partnere.<\/p>\n<\/div><\/div><\/li><\/ul>\n\n\t\t<\/div>\n\t<\/div>\n<\/div><\/div><\/div><div class=\"vc_row wpb_row row top-row\"><div class=\"vc_column_container col-md-12\"><div class=\"wpb_wrapper vc_column-inner\"><\/div><\/div><\/div>\n","protected":false},"excerpt":{"rendered":"Nu kommer Windows 11 Windows 10 blev markedsf\u00f8rt som den endegyldige version af Windows. Fremover skulle det blot handle om l\u00f8bende opdateringer af denne universelle platform. Man har et standpunkt til man tager et nyt. Efter alt at d\u00f8mme kommer Microsoft nu alligevel med en opf\u00f8lger.Support til Windows Server 2008 udg\u00e5r Support til Windows Server [...]","protected":false},"author":3,"featured_media":0,"parent":0,"menu_order":0,"comment_status":"closed","ping_status":"closed","template":"","meta":{"footnotes":""},"categories":[],"tags":[59,60],"class_list":["post-196","page","type-page","status-publish","hentry","tag-artikler","tag-nyheder"],"_links":{"self":[{"href":"https:\/\/skyservice.dk\/wordpress\/jmdata\/wp-json\/wp\/v2\/pages\/196","targetHints":{"allow":["GET"]}}],"collection":[{"href":"https:\/\/skyservice.dk\/wordpress\/jmdata\/wp-json\/wp\/v2\/pages"}],"about":[{"href":"https:\/\/skyservice.dk\/wordpress\/jmdata\/wp-json\/wp\/v2\/types\/page"}],"author":[{"embeddable":true,"href":"https:\/\/skyservice.dk\/wordpress\/jmdata\/wp-json\/wp\/v2\/users\/3"}],"replies":[{"embeddable":true,"href":"https:\/\/skyservice.dk\/wordpress\/jmdata\/wp-json\/wp\/v2\/comments?post=196"}],"version-history":[{"count":17,"href":"https:\/\/skyservice.dk\/wordpress\/jmdata\/wp-json\/wp\/v2\/pages\/196\/revisions"}],"predecessor-version":[{"id":1267,"href":"https:\/\/skyservice.dk\/wordpress\/jmdata\/wp-json\/wp\/v2\/pages\/196\/revisions\/1267"}],"wp:attachment":[{"href":"https:\/\/skyservice.dk\/wordpress\/jmdata\/wp-json\/wp\/v2\/media?parent=196"}],"wp:term":[{"taxonomy":"category","embeddable":true,"href":"https:\/\/skyservice.dk\/wordpress\/jmdata\/wp-json\/wp\/v2\/categories?post=196"},{"taxonomy":"post_tag","embeddable":true,"href":"https:\/\/skyservice.dk\/wordpress\/jmdata\/wp-json\/wp\/v2\/tags?post=196"}],"curies":[{"name":"wp","href":"https:\/\/api.w.org\/{rel}","templated":true}]}}