{"id":2,"date":"2014-12-01T18:00:10","date_gmt":"2014-12-01T17:00:10","guid":{"rendered":"http:\/\/advokat.wordpress.skyservice.dk:8888\/?page_id=2"},"modified":"2020-08-15T21:56:18","modified_gmt":"2020-08-15T19:56:18","slug":"eksempel-side","status":"publish","type":"page","link":"https:\/\/skyservice.dk\/wordpress\/jmdata\/","title":{"rendered":"Velkommen til JM Data"},"content":{"rendered":"<p>JM Data laver og leverer l\u00f8sninger der er baseret p\u00e5 Dynamics NAV \/ Dynamics 365 Business Central og som er med til at optimere jeres forretning, frigive ressourcer som kan bruges til at styrke forretningen, samtidigt med at det store overblik skabes.<!--more--><\/p>\n<p>JM Data er din Dynamics NAV \/ Dynamics 365 Business Central partner der r\u00e5dgiver og implementerer p\u00e5 professionel vis. Liges\u00e5 r\u00e5dgives og implementeres der omkring de enkelte till\u00e6gsprodukter der er til Dynamics NAV \/ Dynamics 365 Business Central.<\/p>\n<p>JM Data er specialister i at optimere samtlige standard processer der er at finde i l\u00f8sningen Dynamcis NAV \/ Dynamics 365 Business Central, s\u00e5som finans, salg, k\u00f8b, lager, ressourcer, sager, anl\u00e6g, personale og produktion.<\/p>\n<p>JM Data hj\u00e6lper hele vejen igennem fra den indledende r\u00e5dgivning, selve implementeringen og holder efterf\u00f8lgende jeres Dynamics NAV \/ Dynamics 365 Business Central k\u00f8rende efter de aftalte hensigter.<\/p>\n<p>Uanset om I allerede har Dynamics NAV \/ Dynamics 365 Business Central, eller om I planl\u00e6gger at implementere Dynamics NAV \/ Dynamics 365 Business Central, s\u00e5 har JM Data kompetencerne til at r\u00e5de, vejlede og gennemf\u00f8re et s\u00e5dan projekt.<\/p>\n<p><a title=\"Kontakt\" href=\"https:\/\/skyservice.dk\/wordpress\/jmdata\/kontakt\">Kontakt venligst JM Data<\/a>, og lad os v\u00e6re behj\u00e6lpelige med at optimere lige n\u00f8jagtig jeres forretning!<\/p>\n","protected":false},"excerpt":{"rendered":"<p>JM Data laver og leverer l\u00f8sninger der er baseret p\u00e5 Dynamics NAV \/ Dynamics 365 Business Central og som er med til at optimere jeres forretning, frigive ressourcer som kan bruges til at styrke forretningen, samtidigt med at det store overblik skabes.<\/p>\n","protected":false},"author":3,"featured_media":0,"parent":0,"menu_order":0,"comment_status":"closed","ping_status":"closed","template":"","meta":{"footnotes":""},"categories":[52],"tags":[80,81,7,74,93,73,8],"class_list":["post-2","page","type-page","status-publish","hentry","category-jmdata","tag-business","tag-central","tag-dynamics","tag-ikast","tag-it","tag-jm-data","tag-nav"],"_links":{"self":[{"href":"https:\/\/skyservice.dk\/wordpress\/jmdata\/wp-json\/wp\/v2\/pages\/2","targetHints":{"allow":["GET"]}}],"collection":[{"href":"https:\/\/skyservice.dk\/wordpress\/jmdata\/wp-json\/wp\/v2\/pages"}],"about":[{"href":"https:\/\/skyservice.dk\/wordpress\/jmdata\/wp-json\/wp\/v2\/types\/page"}],"author":[{"embeddable":true,"href":"https:\/\/skyservice.dk\/wordpress\/jmdata\/wp-json\/wp\/v2\/users\/3"}],"replies":[{"embeddable":true,"href":"https:\/\/skyservice.dk\/wordpress\/jmdata\/wp-json\/wp\/v2\/comments?post=2"}],"version-history":[{"count":4,"href":"https:\/\/skyservice.dk\/wordpress\/jmdata\/wp-json\/wp\/v2\/pages\/2\/revisions"}],"predecessor-version":[{"id":1538,"href":"https:\/\/skyservice.dk\/wordpress\/jmdata\/wp-json\/wp\/v2\/pages\/2\/revisions\/1538"}],"wp:attachment":[{"href":"https:\/\/skyservice.dk\/wordpress\/jmdata\/wp-json\/wp\/v2\/media?parent=2"}],"wp:term":[{"taxonomy":"category","embeddable":true,"href":"https:\/\/skyservice.dk\/wordpress\/jmdata\/wp-json\/wp\/v2\/categories?post=2"},{"taxonomy":"post_tag","embeddable":true,"href":"https:\/\/skyservice.dk\/wordpress\/jmdata\/wp-json\/wp\/v2\/tags?post=2"}],"curies":[{"name":"wp","href":"https:\/\/api.w.org\/{rel}","templated":true}]}}