{"id":21,"date":"2014-12-01T18:00:45","date_gmt":"2014-12-01T17:00:45","guid":{"rendered":"http:\/\/advokat.wordpress.skyservice.dk:8888\/?page_id=21"},"modified":"2022-09-20T09:46:49","modified_gmt":"2022-09-20T07:46:49","slug":"online-backup","status":"publish","type":"page","link":"https:\/\/skyservice.dk\/wordpress\/jmdata\/produkter\/online-backup","title":{"rendered":"Online Backup"},"content":{"rendered":"<p><strong>Online Backup er en sikker og effektiv backupl\u00f8sning<\/strong> til mindre og mellemstore virksomheder<br \/>\nSamtidig giver Online Backup optimal sikkerhed og en lavere driftsomkostning<!--more--><br \/>\nF\u00e5 sikret dine data mod brand, tyveri og lignende, og undg\u00e5 de problemer der tit er forbundet med h\u00e5ndtering af backupb\u00e5nd<br \/>\nAl data overf\u00f8res og gemmes krypteret hos JM Data med en sikkerhedsn\u00f8gle som kun du kender<\/p>\n<p><img loading=\"lazy\" decoding=\"async\" class=\"aligncenter wp-image-1123 size-full\" src=\"https:\/\/skyservice.dk\/wordpress\/jmdata\/wp-content\/uploads\/2018\/10\/article_ahsay.png\" alt=\"\" width=\"840\" height=\"80\" srcset=\"https:\/\/skyservice.dk\/wordpress\/jmdata\/wp-content\/uploads\/2018\/10\/article_ahsay.png 840w, https:\/\/skyservice.dk\/wordpress\/jmdata\/wp-content\/uploads\/2018\/10\/article_ahsay-768x73.png 768w, https:\/\/skyservice.dk\/wordpress\/jmdata\/wp-content\/uploads\/2018\/10\/article_ahsay-367x35.png 367w\" sizes=\"auto, (max-width: 840px) 100vw, 840px\" \/><strong>Fordele ved Online Backup<br \/>\n<\/strong>Undg\u00e5 b\u00e5nd\/mediefejl (som kan resultere i at filer ikke kan genskabes)<br \/>\nAltid tidssvarende backup af data<br \/>\nSlip for bekymring om backupb\u00e5nd er sikkert opbevaret<\/p>\n<p><strong>Lavere driftsomkostninger<\/strong><br \/>\nEn fast m\u00e5nedlig udgift &#8211; afh\u00e6ngig af den \u00f8nskede opbevaringsplads<br \/>\nIngen investeringer i egen dyr backupserver, b\u00e5ndstation og b\u00e5nd<br \/>\nIngen udgifter til Windows server og backup software\/licenser<br \/>\nIngen udgifter p\u00e5 vedligeholdelse af backup<br \/>\nSpar de timer, som virksomhedens IT person eller eksterne IT leverand\u00f8r ellers skulle bruge p\u00e5 service\/vedligeholdelse<br \/>\nIngen store Internet udgifter, da systemet underst\u00f8tter inkrementel\/differentiel backup af filer<\/p>\n<p><strong>Simpel administration<br \/>\n<\/strong>Online Backup programmet er platforms-uafh\u00e6ngigt og kan installeres p\u00e5 bl.a. Windows XP \/ 2003 \/ Vista \/ 2008 \/ 7 \/ 2012 \/ 8 \/ 10 \/ 2016 \/ 2019 \/ 11 \/ 2022, Mac OS, Unix, Linux<br \/>\nOnline Backup programmet er p\u00e5 dansk og har en simpel og forst\u00e5elig brugerflade<br \/>\nRapport e-mail sendes dagligt med status p\u00e5, hvordan sidste backup forl\u00f8b<\/p>\n<p><strong>Forbedret sikkerhed<br \/>\n<\/strong>Drift af Online Backup og opbevaring af dine data sker i JM Data&#8217;s sikre serverrum<br \/>\nDine data er gemt p\u00e5 et fejl-tolerant RAID-5 disksystem og placeret p\u00e5 2 uafh\u00e6ngige lokationer<br \/>\nDine data er opbevaret i et sikkert og st\u00e6rkt krypteret format<br \/>\nOverf\u00f8rsel af data fra dig til JM Data sker via 256 bit krypteret SSL forbindelse<\/p>\n<p>Ring venligst p\u00e5 tlf.nr. 3049 7257 eller skriv til <span style=\"text-decoration: underline;\"><a href=\"mailto:salg@jmdata.dk\">salg@jmdata.dk<\/a><\/span> for n\u00e6rmere information.<\/p>\n","protected":false},"excerpt":{"rendered":"<p>Online Backup er en sikker og effektiv backupl\u00f8sning til mindre og mellemstore virksomheder Samtidig giver Online Backup optimal sikkerhed og en lavere driftsomkostning<\/p>\n","protected":false},"author":3,"featured_media":0,"parent":454,"menu_order":5,"comment_status":"closed","ping_status":"closed","template":"","meta":{"footnotes":""},"categories":[17],"tags":[84,83,15],"class_list":["post-21","page","type-page","status-publish","hentry","category-produkter","tag-backup","tag-remote","tag-sikkerhed-2"],"_links":{"self":[{"href":"https:\/\/skyservice.dk\/wordpress\/jmdata\/wp-json\/wp\/v2\/pages\/21","targetHints":{"allow":["GET"]}}],"collection":[{"href":"https:\/\/skyservice.dk\/wordpress\/jmdata\/wp-json\/wp\/v2\/pages"}],"about":[{"href":"https:\/\/skyservice.dk\/wordpress\/jmdata\/wp-json\/wp\/v2\/types\/page"}],"author":[{"embeddable":true,"href":"https:\/\/skyservice.dk\/wordpress\/jmdata\/wp-json\/wp\/v2\/users\/3"}],"replies":[{"embeddable":true,"href":"https:\/\/skyservice.dk\/wordpress\/jmdata\/wp-json\/wp\/v2\/comments?post=21"}],"version-history":[{"count":17,"href":"https:\/\/skyservice.dk\/wordpress\/jmdata\/wp-json\/wp\/v2\/pages\/21\/revisions"}],"predecessor-version":[{"id":1746,"href":"https:\/\/skyservice.dk\/wordpress\/jmdata\/wp-json\/wp\/v2\/pages\/21\/revisions\/1746"}],"up":[{"embeddable":true,"href":"https:\/\/skyservice.dk\/wordpress\/jmdata\/wp-json\/wp\/v2\/pages\/454"}],"wp:attachment":[{"href":"https:\/\/skyservice.dk\/wordpress\/jmdata\/wp-json\/wp\/v2\/media?parent=21"}],"wp:term":[{"taxonomy":"category","embeddable":true,"href":"https:\/\/skyservice.dk\/wordpress\/jmdata\/wp-json\/wp\/v2\/categories?post=21"},{"taxonomy":"post_tag","embeddable":true,"href":"https:\/\/skyservice.dk\/wordpress\/jmdata\/wp-json\/wp\/v2\/tags?post=21"}],"curies":[{"name":"wp","href":"https:\/\/api.w.org\/{rel}","templated":true}]}}