{"id":222,"date":"2014-12-01T18:00:41","date_gmt":"2014-12-01T17:00:41","guid":{"rendered":"https:\/\/skyservice.dk\/wordpress\/jmdata\/?page_id=222"},"modified":"2022-01-29T08:29:01","modified_gmt":"2022-01-29T07:29:01","slug":"cookie-og-privatlivspolitik","status":"publish","type":"page","link":"https:\/\/skyservice.dk\/wordpress\/jmdata\/cookie-og-privatlivspolitik","title":{"rendered":"Cookie- og privatlivspolitik"},"content":{"rendered":"<p><strong>Oversigt:<\/strong><\/p>\n<p><a href=\"https:\/\/skyservice.dk\/wordpress\/jmdata\/cookie-og-privatlivspolitik#1\">1. Ejeroplysninger<\/a><br \/>\n<a href=\"https:\/\/skyservice.dk\/wordpress\/jmdata\/cookie-og-privatlivspolitik#2\">2. Hvad er Cookies?<\/a><br \/>\n<a href=\"https:\/\/skyservice.dk\/wordpress\/jmdata\/cookie-og-privatlivspolitik#2.1\">2.1 S\u00e5 lang tid opbevares cookies<\/a><br \/>\n<a href=\"https:\/\/skyservice.dk\/wordpress\/jmdata\/cookie-og-privatlivspolitik#2.2\">2.2 S\u00e5dan sletter du cookies<\/a><br \/>\n<a href=\"https:\/\/skyservice.dk\/wordpress\/jmdata\/cookie-og-privatlivspolitik#2.3\">2.3 S\u00e5dan undg\u00e5r du cookies<\/a><br \/>\n<a href=\"https:\/\/skyservice.dk\/wordpress\/jmdata\/cookie-og-privatlivspolitik#2.4\">2.4 Hvad cookies bruges til p\u00e5 vores website<\/a><br \/>\n<a href=\"https:\/\/skyservice.dk\/wordpress\/jmdata\/cookie-og-privatlivspolitik#2.5\">2.5 Google Analytics (trafikm\u00e5ling)<\/a><br \/>\n<a href=\"https:\/\/skyservice.dk\/wordpress\/jmdata\/cookie-og-privatlivspolitik#2.6\">2.6 Annoncenetv\u00e6rk<\/a><br \/>\n<a href=\"https:\/\/skyservice.dk\/wordpress\/jmdata\/cookie-og-privatlivspolitik#3\">3. Brug af personoplysninger<\/a><br \/>\n<a href=\"https:\/\/skyservice.dk\/wordpress\/jmdata\/cookie-og-privatlivspolitik#3.1\">3.1 Kontakt vedr. personoplysninger<\/a><br \/>\n<a href=\"https:\/\/skyservice.dk\/wordpress\/jmdata\/cookie-og-privatlivspolitik#3.2\">3.2 Beskyttelse af personoplysninger<\/a><br \/>\n<a name=\"1\"><\/a><br \/>\n<!--more--><br \/>\n1.\u00a0<strong>Ejeroplysninger<br \/>\n<\/strong>Dette website udbydes af:<br \/>\nJM Data, Ikast ApS<br \/>\nNavervej 15<br \/>\nDK-7430 Ikast<br \/>\nTelefon: +45 3049 7257<br \/>\nEmail: <a href=\"mailto:kontakt@jmdata.dk\">kontakt@jmdata.dk<\/a><br \/>\n<a name=\"2\"><\/a><\/p>\n<p>2.\u00a0<strong>Hvad er Cookies?<br \/>\n<\/strong>Dette website anvender cookies i henhold til ovenst\u00e5ende form\u00e5l.\u00a0En cookie er en lille tekstfil, der lagres i din browser og for at kunne genkende din computer ved tilbagevendende bes\u00f8g. Der er ingen personlige oplysninger gemt i vores cookies og de kan ikke indeholde virus.<br \/>\n<a name=\"2.1\"><\/a><\/p>\n<p>2.1\u00a0<strong>S\u00e5 lang tid opbevares cookies<\/strong><br \/>\nCookies sletter sig selv efter et vist antal m\u00e5neder (kan variere), men de fornyes efter hvert bes\u00f8g.<br \/>\n<a name=\"2.2\"><\/a><\/p>\n<p>2.2<strong>\u00a0S\u00e5dan sletter du cookies<\/strong><br \/>\nSe vejledning her:\u00a0<a href=\"http:\/\/minecookies.org\/cookiehandtering\" target=\"_blank\" rel=\"noopener noreferrer\">http:\/\/minecookies.org\/cookiehandtering<\/a><br \/>\n<a name=\"2.3\"><\/a><\/p>\n<p>2.3<strong>\u00a0S\u00e5dan undg\u00e5r jeg cookies?<\/strong><br \/>\nHvis du ikke \u00f8nsker at modtage cookies kan du blokere dem. Se vejledning her:\u00a0<a href=\"http:\/\/minecookies.org\/cookiehandtering\" target=\"_blank\" rel=\"noopener noreferrer\">http:\/\/minecookies.org\/cookiehandtering<\/a>.<br \/>\n<a name=\"2.4\"><\/a><\/p>\n<p>2.4<strong>\u00a0Hvad cookies\u00a0<\/strong><strong>bruges\u00a0<\/strong><strong>til p\u00e5 vores website<\/strong><br \/>\nCookies anvendes til at f\u00f8re statistik over hvor antallet af brugere samt oplysninger om k\u00f8n, alder, geografi og interesser p\u00e5 vores brugere for at tilpasse indhold og annoncering herefter.<br \/>\n<a name=\"2.5\"><\/a><\/p>\n<p>2.5<strong>\u00a0Google Analytics (trafikm\u00e5ling)<\/strong><br \/>\nWebsitet bruger cookies fra Google Analytics til at m\u00e5le trafikken p\u00e5 websitet.<\/p>\n<p>Du kan frav\u00e6lge cookies fra Google Analytics her:\u00a0<a href=\"http:\/\/tools.google.com\/dlpage\/gaoptout\" target=\"_blank\" rel=\"noopener noreferrer\">http:\/\/tools.google.com\/dlpage\/gaoptout<\/a><br \/>\n<a name=\"2.6\"><\/a><\/p>\n<p>2.6<strong>\u00a0Annoncenetv\u00e6rk<br \/>\n<\/strong>Websitet anvender f\u00f8lgende annoncenetv\u00e6rk:<\/p>\n<ul>\n<li>Intet at bem\u00e6rke<\/li>\n<\/ul>\n<p>Det er muligt at frav\u00e6lge, at du indg\u00e5r i en r\u00e6kke annoncenetv\u00e6rk, der deler oplysninger p\u00e5 tv\u00e6rs af forskellige netv\u00e6rk. Du kan finde listen her:\u00a0<a href=\"http:\/\/minecookies.org\/fravalg\" target=\"_blank\" rel=\"noopener noreferrer\">http:\/\/minecookies.org\/fravalg<\/a><br \/>\n<a name=\"3\"><\/a><\/p>\n<p>3.<strong>\u00a0Brug af personoplysninger<\/strong><br \/>\nPersonoplysninger afgives aldrig til tredjepart, med mindre du selv udtrykkeligt giver tilsagn hertil, og vi indsamler aldrig personoplysninger, uden at du selv har givet os disse oplysninger ved registrering, k\u00f8b eller deltagelse i en unders\u00f8gelse m.v.\u00a0Her indsamles oplysninger om navn, adresse, postnummer, e-mail, k\u00f8n, alder, interesser, holdninger og kendskab til forskellige emner.<\/p>\n<p>Personoplysninger bruges til at gennemf\u00f8re det k\u00f8b eller den service, som oplysningerne er indsamlet i forbindelse med. Oplysningerne bruges derudover til at f\u00e5 st\u00f8rre kendskab til dig og \u00f8vrige brugere af websitet. Denne brug kan bl.a. omfatte unders\u00f8gelser og analyser, der er rettet mod en forbedring af vore produkter, tjenester og teknologier, samt visning af indhold og reklamer, der er tilpasset dine interesser og hobbyer.<br \/>\n<a name=\"3.1\"><\/a><\/p>\n<p>3.1<strong>\u00a0Kontakt vedr. personoplysninger<\/strong><br \/>\nHvis du \u00f8nsker adgang til de oplysninger, som er registreret om dig hos JM Data, Ikast ApS, skal du rette henvendelse p\u00e5 <a href=\"mailto:kontakt@jmdata.dk\">kontakt@jmdata.dk<\/a> eller telefon 97 25 00 34. Er der registreret forkerte data, eller har du andre indsigelser, kan du rette henvendelse samme sted. Du har mulighed for at f\u00e5 indsigt i, hvilke informationer der er registreret om dig, og du kan g\u00f8re indsigelse mod en registrering i henhold til reglerne i Persondataloven.<br \/>\n<a name=\"3.2\"><\/a><\/p>\n<p>3.2<strong>\u00a0Beskyttelse af personoplysninger<\/strong><br \/>\nIf\u00f8lge persondataloven skal dine personlige oplysninger opbevares sikkert og fortroligt. Vi gemmer dine personlige oplysninger p\u00e5 computere med begr\u00e6nset adgang, som er placeret i kontrollerede faciliteter, og vores sikkerhedsforanstaltninger kontrolleres l\u00f8bende for at afg\u00f8re, om vores brugeroplysninger h\u00e5ndteres forsvarligt, og under stadig hensyntagen til dine rettigheder som bruger. Vi kan dog ikke garantere 100 procent sikkerhed ved dataoverf\u00f8rsler via internettet. Det betyder, at der kan v\u00e6re en risiko for, at andre uberettiget tiltvinger sig adgang til oplysninger, n\u00e5r data sendes og opbevares elektronisk. Du afgiver s\u00e5ledes dine personlige oplysninger p\u00e5 eget ansvar.<\/p>\n<p>Personoplysninger slettes eller anonymiseres l\u00f8bende efterh\u00e5nden som det form\u00e5l, de blev indsamlet til, afsluttes. Personoplysninger gemmes h\u00f8jst i 12 m\u00e5neder efter brug.<\/p>\n<p>Den hurtige udvikling af internettet betyder, at \u00e6ndringer i vores behandling af personoplysninger kan blive n\u00f8dvendige. Vi forbeholder os derfor ret til at opdatere og \u00e6ndre n\u00e6rv\u00e6rende retningslinjer for behandling af personoplysninger. G\u00f8r vi det, retter vi selvf\u00f8lgeligt datoen for &#8220;sidst opdateret&#8221; nederst p\u00e5 siden. I tilf\u00e6lde af v\u00e6sentlige \u00e6ndringer giver vi dig besked i form af en synlig meddelelse p\u00e5 vores websites.<\/p>\n<p>I det omfang, der behandles personoplysninger om dig, har du if\u00f8lge persondataloven ret til at f\u00e5 oplyst, hvilke personoplysninger, der kan henf\u00f8res til dig. S\u00e5fremt det viser sig, at de oplysninger eller data, der behandles om dig, er urigtige eller vildledende, har du ret til at kr\u00e6ve disse berigtiget, slettet eller blokeret. Du kan til enhver tid g\u00f8re indsigelse mod, at oplysninger om dig g\u00f8res til genstand for behandling. Du kan ogs\u00e5 til enhver tid tilbagekalde dit samtykke. Du har mulighed for at klage over behandlingen af oplysninger og data vedr\u00f8rende dig. Klage indgives til Datatilsynet, jf. persondatalovens \u00a7 58, stk. 1.<\/p>\n","protected":false},"excerpt":{"rendered":"<p>Oversigt: 1. Ejeroplysninger 2. Hvad er Cookies? 2.1 S\u00e5 lang tid opbevares cookies 2.2 S\u00e5dan sletter du cookies 2.3 S\u00e5dan undg\u00e5r du cookies 2.4 Hvad cookies bruges til p\u00e5 vores website 2.5 Google Analytics (trafikm\u00e5ling) 2.6 Annoncenetv\u00e6rk 3. Brug af personoplysninger 3.1 Kontakt vedr. personoplysninger 3.2 Beskyttelse af personoplysninger<\/p>\n","protected":false},"author":3,"featured_media":0,"parent":0,"menu_order":0,"comment_status":"closed","ping_status":"closed","template":"","meta":{"footnotes":""},"categories":[51],"tags":[63,64],"class_list":["post-222","page","type-page","status-publish","hentry","category-diverse","tag-cookie","tag-privatlivspolitik"],"_links":{"self":[{"href":"https:\/\/skyservice.dk\/wordpress\/jmdata\/wp-json\/wp\/v2\/pages\/222","targetHints":{"allow":["GET"]}}],"collection":[{"href":"https:\/\/skyservice.dk\/wordpress\/jmdata\/wp-json\/wp\/v2\/pages"}],"about":[{"href":"https:\/\/skyservice.dk\/wordpress\/jmdata\/wp-json\/wp\/v2\/types\/page"}],"author":[{"embeddable":true,"href":"https:\/\/skyservice.dk\/wordpress\/jmdata\/wp-json\/wp\/v2\/users\/3"}],"replies":[{"embeddable":true,"href":"https:\/\/skyservice.dk\/wordpress\/jmdata\/wp-json\/wp\/v2\/comments?post=222"}],"version-history":[{"count":23,"href":"https:\/\/skyservice.dk\/wordpress\/jmdata\/wp-json\/wp\/v2\/pages\/222\/revisions"}],"predecessor-version":[{"id":1724,"href":"https:\/\/skyservice.dk\/wordpress\/jmdata\/wp-json\/wp\/v2\/pages\/222\/revisions\/1724"}],"wp:attachment":[{"href":"https:\/\/skyservice.dk\/wordpress\/jmdata\/wp-json\/wp\/v2\/media?parent=222"}],"wp:term":[{"taxonomy":"category","embeddable":true,"href":"https:\/\/skyservice.dk\/wordpress\/jmdata\/wp-json\/wp\/v2\/categories?post=222"},{"taxonomy":"post_tag","embeddable":true,"href":"https:\/\/skyservice.dk\/wordpress\/jmdata\/wp-json\/wp\/v2\/tags?post=222"}],"curies":[{"name":"wp","href":"https:\/\/api.w.org\/{rel}","templated":true}]}}