{"id":416,"date":"2014-12-01T18:00:05","date_gmt":"2014-12-01T17:00:05","guid":{"rendered":"https:\/\/skyservice.dk\/wordpress\/jmdata\/?page_id=416"},"modified":"2022-12-01T10:25:24","modified_gmt":"2022-12-01T09:25:24","slug":"navision-tidslinje","status":"publish","type":"page","link":"https:\/\/skyservice.dk\/wordpress\/jmdata\/diverse\/navision-tidslinje","title":{"rendered":"Navision tidslinje"},"content":{"rendered":"<p><strong>Microsoft Dynamics NAV<\/strong> er et \u00f8konomistyringssystem, ogs\u00e5 kendt som et ERP-system (Enterprise Resource Planning).<\/p>\n<p>Med over en million registrerede brugere p\u00e5 verdensplan er Dynamics NAV i dag et af de mest udbredte ERP-programmer.<!--more--><\/p>\n<p><strong>ERP-l\u00f8sning med dansk oprindelse<\/strong><br \/>\nDynamics NAV, eller Navision, har med sin oprindelse i Danmark hvor l\u00f8sningen blev udviklet i midten af 1980&#8217;erne, en lang historie bag sig.<\/p>\n<p><strong>1983<\/strong><br \/>\n<em>PC &amp; C ApS<\/em><br \/>\nDet startede helt pr\u00e6cist i 1983 da Jesper Balser, Peter Bang og Torben Wind grundlagde virksomheden PC &amp; C ApS i K\u00f8benhavn.<\/p>\n<p><strong>1984 &#8211; 1987<\/strong><br \/>\n<em>PC Plus<\/em><br \/>\nI 1984 lancerede PC&amp;C ERP-systemet PC Plus. L\u00f8sningen blev p\u00e5 det tidspunkt en \u00e5benbaring p\u00e5 ERP-markedet, men programmet kunne desv\u00e6rre kun anvendes af en enkelt bruger ad gangen.<\/p>\n<p><strong>1987 &#8211; 1989<\/strong><br \/>\n<em>Navigator \/ IBM-Navigator<\/em><br \/>\nI 1987 lancerede PC&amp;C deres nyeste ERP-l\u00f8sning kaldet Navigator. Hvor PC plus udelukkende var et enkelt bruger program revolutionerede Navigator markedet ved at v\u00e6re et af de f\u00f8rste client\/server programmer i verden.<\/p>\n<p><strong>1989 &#8211; 1995<\/strong><br \/>\n<em>Navision<\/em><br \/>\nI 1989 kom den tredje version p\u00e5 markedet. Denne opgradering skilte sig ud fra tidligere versioner ved at have et indbygget udviklingsmilj\u00f8 og eget udviklingssprog som PC&amp;C valgte at kalde AL (application language). Med den tredje version af Navigator begyndte l\u00f8sningen s\u00e5 sm\u00e5t at sl\u00e5 igennem internationalt. Det startede hovedsageligt i landene Tyskland, Spanien og Island, men bredte sig hurtigt til mange andre lande. I forbindelse med at man slog igennem p\u00e5 det internationale marked, foretog man i de fleste lande navneforandring fra Navigator til Navision, med undtagelse af USA hvor ERP-l\u00f8sningen fik navnet Avista. Som en f\u00f8lge af den \u00f8gede internationalisering \u00e6ndredes navnet fra PC&amp;C til Navision Sofware A\/S.<\/p>\n<p><strong>1995 &#8211; 2001<\/strong><br \/>\n<em>Navision Financials | Version 1.00 &#8211; 2.60<\/em><br \/>\nDa Microsoft i 1995 lancerede Windows 95 kom ogs\u00e5 den f\u00f8rste windowsbaserede version af Navision\/Navigator med tilnavnet Financials. Kort efter lanceringen blev Navigator ogs\u00e5 i Danmark omd\u00f8bt til Navision. I 2000 fusionerer Navision Software a\/s med deres danske konkurrent Damgaard Data A\/S og f\u00e5r navnet NavisionDamgaard A\/S. I 2001 \u00e6ndrer man igen navnet fra NavisionDamgaard A\/S ved at forkorte det til Navision A\/S.<\/p>\n<p><strong>2001 &#8211; 2002<\/strong><br \/>\n<em>Navision Attain | Version 3.01 &#8211; 3.60<\/em><br \/>\nVersion 3 af den windowsbaserede version blev f\u00f8rst kortvarigt kaldet Navision Solutions, men allerede fra version 3.01 blev dette \u00e6ndret til Navision Attain.<\/p>\n<p><strong>2002 &#8211; 2005<\/strong><br \/>\n<em>Microsoft Business Solutions &#8211; Navision \/ NAV | Version 3.70 &#8211; 4.00<\/em><br \/>\nDet var nok kun for de f\u00e6rreste det kom som en overraskelse da Microsoft i 2002 opk\u00f8bte Navision A\/S. Microsoft havde f\u00e5 \u00e5r i forvejen erhvervet sig Navisions st\u00f8rste konkurrent p\u00e5 det amerikanske marked, Great Plains. De to selskaber blev samlet under Microsoft Business Solutions.<\/p>\n<p><strong>2005 &#8211; 2008<\/strong><br \/>\n<em>Microsoft Dynamics NAV | Version 5.00<\/em><br \/>\nMicrosoft \u00e6ndrede navnet p\u00e5 deres forretningsl\u00f8sninger fra Microsoft Business Solutions til Microsoft Dynamics. Samtidig \u00e6ndrede man navnet Navision til Dynamics NAV.<\/p>\n<p><strong>2008 &#8211; 2012<\/strong><br \/>\n<em>Dynamics NAV 2009 | Version 6.00<\/em><br \/>\nMed Dynamics NAV 2009 kom den teknologiske nyskabelse RTC, den rollebaserede klient.<\/p>\n<p><strong>2013 &#8211; 2014<\/strong><br \/>\n<em>Dynamics NAV 2013 | Version 7.00<\/em><br \/>\nF\u00f8rste Microsoft Dynamics ERP-produkt p\u00e5 Azure.<\/p>\n<p><strong>2014<\/strong><br \/>\n<em>Dynamics NAV 2015 | Version 8.00<\/em><br \/>\nDesignet med en moderne brugergr\u00e6nseflade og udviklet til mobile enheder.<\/p>\n<p><strong>2015<\/strong><br \/>\n<em>Dynamics NAV 2016 | Version 9.00<\/em><br \/>\nNye funktioner, st\u00f8rre CRM- og eCommerce integration samt bedre workflow.<\/p>\n<p><strong>2016<\/strong><br \/>\n<em>Dynamics NAV 2017 | Version 10.00<\/em><br \/>\nOffice 365 og Power BI bringes t\u00e6ttere p\u00e5 Microsoft Dynamics NAV samt \u00f8get mobilitet og platformsuafh\u00e6ngighed.<\/p>\n<p><strong>2017<\/strong><br \/>\n<em>Dynamics NAV 2018 | Version 11.00<\/em><br \/>\nNy og forbedret Power BI integration samt mulighed for at integrere kunstig intelligens. Forbedret brugergr\u00e6nseflade samt forbedringer i kerneapplikationen.<\/p>\n<p><strong>2018<\/strong><br \/>\n<em>Dynamics 365 Business Central | Version 12.00<br \/>\n<\/em>Microsofts all-in-one business management l\u00f8sning til sm\u00e5 og mellemstore virksomheder er nu tilg\u00e6ngelig i skyen, som en robust og skal\u00e9rbar l\u00f8sning, som kan tage din virksomhed til det n\u00e6ste niveau.<\/p>\n<p><em>Dynamics 365 Business Central oktober udgaven | Version 13.00<br \/>\n<\/em>Business Central over alt &#8211; cloud, hybrid og on-premises tilg\u00e6ngelighed.<\/p>\n<p><strong>2019<br \/>\n<\/strong><em>Dynamics 365 Business Central april udgaven | Version 14.00<br \/>\n<\/em>Flet duplikatleverand\u00f8rer \/ -kunder. Mulighed for at skrive l\u00e6ngere navne og beskrivelser. Masseimportere varebilleder. Vis bogf\u00f8ring af forudbetaling. St\u00f8rre tilpasningsevne samt ydelsesforbedringer. Versionen er liges\u00e5 den sidste med traditionel udvikler milj\u00f8.<\/p>\n<p><em>Dynamics 365 Business Central 2019 frigivelsesb\u00f8lge 2 udgaven | Version 15.00<br \/>\n<\/em>Tillade ikke-sekventiel nummerering. Overf\u00f8re linjebeskrivelser til finansposter ved bogf\u00f8ring. Batchbogf\u00f8re salg og k\u00f8b som planlagt. Se varens tilg\u00e6ngelighed efter m\u00e5leenhed. Spring tomme linjer over i rapporten Kontoskema.<\/p>\n<p><strong>2020<br \/>\n<\/strong><em>Dynamics 365 Business Central 2020 frigivelsesb\u00f8lge 1 udgaven | Version 16.00<br \/>\n<\/em>Flere sprog. Forbedringer i bankafstemning. Udskrive til vedh\u00e6ftet fil. Tilbagef\u00f8re antal til faktura ved annullering af ordre. Bruge ressourcer i k\u00f8bsdokumenter.<em><br \/>\n<\/em><\/p>\n<p><em>Dynamics 365 Business Central 2020 frigivelsesb\u00f8lge 2 udgaven | Version 17.00<br \/>\n<\/em>20 nye forbedringer til applikationen i denne frigivelse. Fokus p\u00e5 integration til Microsoft Teams og Power BI, der overordnet styrker samspillet med hele Microsoft \u00f8kosystemet.<\/p>\n<p><strong>2021<br \/>\n<\/strong><em>Dynamics 365 Business Central 2021 frigivelsesb\u00f8lge 1 udgaven | Version 18.00<br \/>\n<\/em>Problemfri service. Administrations forbedringer. Forbedringer i kerneapplikationen. Bedre integration med Microsoft 365 office-applikationerne. Udvidelser for regioner og lande. Nemmere udrulning. Forbedringer i de moderne udviklingsv\u00e6rkt\u00f8jer.<\/p>\n<p><em>Dynamics 365 Business Central 2021 frigivelsesb\u00f8lge 2 udgaven | Version 19.00<br \/>\n<\/em>Forenklet og optimeret administration. Grundigere forklaringer og vejledning om fejl, der er for\u00e5rsaget af problemer i posteringsops\u00e6tning og dimensioner. Mulighed for at dele en post fra browserklienten i Microsoft Teams. Forbedret effektivitet og performance. 10 nye lande og regioner i denne udgivelsesb\u00f8lge.<\/p>\n<p><strong>2022<br \/>\n<\/strong><em>Dynamics 365 Business Central 2022 frigivelsesb\u00f8lge 1 udgaven | Version 20.00<br \/>\n<\/em>Endnu mere problemfri service. Ny moderne hj\u00e6lperude i klienten. Forbedret integration med Microsoft Teams, Excel- samt Outlook tilf\u00f8jelsesprogrammer. Flere udvidelser for regioner og lande. Stor fokus p\u00e5 effektive og produktive forretningsprocesser. \u00d8get produktivitet og effektivisering for BC udviklere, grundet stor fokus p\u00e5 forbedringer til Visual Studio Code.<\/p>\n<p><em>Dynamics 365 Business Central 2022 frigivelsesb\u00f8lge 2 udgaven | Version 21.00<br \/>\n<\/em>Mindre service forbedringer. \u00d8konomisk rapportering erstatter kontoplaner. Udvidet tekstfunktionalitet til momsklausuler. Bogf\u00f8re varegebyrer for hvert trin i processen. Enklere Shopify-forbindelse. Spore elementer, der bruges i projekter, inklusive pluk. Nemmere konfiguration af dataudveksling. Flere udvidelser for regioner og lande.<\/p>\n","protected":false},"excerpt":{"rendered":"<p>Microsoft Dynamics NAV er et \u00f8konomistyringssystem, ogs\u00e5 kendt som et ERP-system (Enterprise Resource Planning). Med over en million registrerede brugere p\u00e5 verdensplan er Dynamics NAV i dag et af de mest udbredte ERP-programmer.<\/p>\n","protected":false},"author":3,"featured_media":0,"parent":457,"menu_order":1,"comment_status":"closed","ping_status":"closed","template":"","meta":{"footnotes":""},"categories":[11],"tags":[66,67],"class_list":["post-416","page","type-page","status-publish","hentry","category-dynamics","tag-navision","tag-tidslinje"],"_links":{"self":[{"href":"https:\/\/skyservice.dk\/wordpress\/jmdata\/wp-json\/wp\/v2\/pages\/416","targetHints":{"allow":["GET"]}}],"collection":[{"href":"https:\/\/skyservice.dk\/wordpress\/jmdata\/wp-json\/wp\/v2\/pages"}],"about":[{"href":"https:\/\/skyservice.dk\/wordpress\/jmdata\/wp-json\/wp\/v2\/types\/page"}],"author":[{"embeddable":true,"href":"https:\/\/skyservice.dk\/wordpress\/jmdata\/wp-json\/wp\/v2\/users\/3"}],"replies":[{"embeddable":true,"href":"https:\/\/skyservice.dk\/wordpress\/jmdata\/wp-json\/wp\/v2\/comments?post=416"}],"version-history":[{"count":27,"href":"https:\/\/skyservice.dk\/wordpress\/jmdata\/wp-json\/wp\/v2\/pages\/416\/revisions"}],"predecessor-version":[{"id":1763,"href":"https:\/\/skyservice.dk\/wordpress\/jmdata\/wp-json\/wp\/v2\/pages\/416\/revisions\/1763"}],"up":[{"embeddable":true,"href":"https:\/\/skyservice.dk\/wordpress\/jmdata\/wp-json\/wp\/v2\/pages\/457"}],"wp:attachment":[{"href":"https:\/\/skyservice.dk\/wordpress\/jmdata\/wp-json\/wp\/v2\/media?parent=416"}],"wp:term":[{"taxonomy":"category","embeddable":true,"href":"https:\/\/skyservice.dk\/wordpress\/jmdata\/wp-json\/wp\/v2\/categories?post=416"},{"taxonomy":"post_tag","embeddable":true,"href":"https:\/\/skyservice.dk\/wordpress\/jmdata\/wp-json\/wp\/v2\/tags?post=416"}],"curies":[{"name":"wp","href":"https:\/\/api.w.org\/{rel}","templated":true}]}}