{"id":49,"date":"2014-12-01T18:00:28","date_gmt":"2014-12-01T17:00:28","guid":{"rendered":"http:\/\/advokat.wordpress.skyservice.dk:8888\/?page_id=49"},"modified":"2022-02-28T21:27:06","modified_gmt":"2022-02-28T20:27:06","slug":"betingelser","status":"publish","type":"page","link":"https:\/\/skyservice.dk\/wordpress\/jmdata\/betingelser","title":{"rendered":"Betingelser"},"content":{"rendered":"<p><strong>Salgs- og leveringsbetingelser for<\/strong>\u00a0<strong>JM Data, Ikast ApS<\/strong><\/p>\n<p>1. <strong>Generelt<\/strong><br \/>\nDisse salgs- og leveringsbetingelser g\u00e6lder for samtlige leverancer med mindre andet er skriftligt aftalt mellem parterne.<!--more--><\/p>\n<p>2. <strong>Priser<\/strong><br \/>\nAlle priser er i danske kroner, eksklusiv moms og ab lager medmindre andet er skriftligt aftalt.<\/p>\n<p>3. <strong>Betaling<\/strong><br \/>\nBetalingsbetingelserne er netto kontant ved levering med mindre andet er skriftligt aftalt. K\u00f8ber er ikke berettiget til at tilbageholde nogen betaling pga. modkrav som\u00a0JM Data\u00a0ikke har anerkendt. Betaler k\u00f8ber senere end aftalt, er\u00a0JM Data\u00a0\u00a0berettiget til at oppeb\u00e6re morarente fra forfaldsdagen. Morarenten er 2 % pr. p\u00e5begyndt m\u00e5ned af den til enhver tid forfaldne saldo. Der vil ved udsendelse af rykkere blive tilskrevet et rykkergebyr p\u00e5 kr. 100 med till\u00e6g af moms pr. rykker. K\u00f8bers indbetalinger afskrives f\u00f8rst p\u00e5 tilskrevne renter og omkostninger, derefter p\u00e5 hovedstolen.<\/p>\n<p>4. <strong>Levering<\/strong><br \/>\nLeveringstider er, medmindre andet er skriftligt aftalt, vejledende og regnes fra det tidspunkt, hvor\u00a0JM Data\u00a0er i besiddelse af samtlige oplysninger til leverancens opfyldelse. Der ydes ikke k\u00f8ber erstatning for leveringsforsinkelser og k\u00f8ber er ikke berettiget til at h\u00e6ve handlen af den grund.<\/p>\n<p>5. <strong>Bestillingsfejl<\/strong><br \/>\nVarer tages generelt ikke retur. Efter forudg\u00e5ende skriftlig aftale kan der i s\u00e6rlige tilf\u00e6lde ske annullering af ordrer.\u00a0JM Data\u00a0forbeholder sig ret til ved returnering af varer\/annullering af ordrer at foretage et returneringsgebyr p\u00e5 15 % af fakturav\u00e6rdien, dog opkr\u00e6ves minimum kr. 500,-.<\/p>\n<p>6. <strong>Produktinformationer<\/strong><br \/>\nDer tages forbehold for trykfejl og pris\u00e6ndringer i oplysninger i brochurer og \u00f8vrigt salgsmateriale. Krav i anledning af eventuelle trykfejl og pris\u00e6ndringer kan ikke g\u00f8res g\u00e6ldende over for\u00a0JM Data.<\/p>\n<p>7. <strong>Immaterielle rettigheder<\/strong><br \/>\nEnhver leverance af produkter sker med respekt for de p\u00e5g\u00e6ldende indehaveres immaterielle rettigheder og\u00a0JM Data\u00a0er uden ansvar af nogen art for k\u00f8bers handlinger i strid med disse rettigheder. K\u00f8ber er pligtig til selv at l\u00e6se licensbetingelser fra software producenterne.<br \/>\nJM Data\u00a0\u00a0udf\u00f8rer ikke arbejde med ulovlige licenser.<\/p>\n<p>8. <strong>Ejendoms- og ophavsret<\/strong><br \/>\nEjendomsretten forbliver hos\u00a0JM Data\u00a0indtil den fulde k\u00f8besum med evt. till\u00e6gsydelser og p\u00e5l\u00f8bne renter og omkostninger er betalt.<br \/>\nK\u00f8b af programmel eller dokumentation giver kun k\u00f8ber en ikke eksklusiv brugsret til selv at anvende programmellet og<br \/>\ndokumentationen.<\/p>\n<p>9. <strong>Fejl og mangler<\/strong><br \/>\nJM Data\u00a0\u00a0h\u00e6fter kun for fejl\/mangler, s\u00e5fremt konsulentarbejde er udf\u00f8rt til fast pris, med dertil h\u00f8rende projektbeskrivelse.<\/p>\n<p>Fejl i software h\u00e6fter\u00a0JM Data\u00a0ikke for, idet der henvises til producentens licensbetingelser og ansvar.<br \/>\nFejl i hardware h\u00e6fter\u00a0JM Data\u00a0ikke for, idet der henvises til g\u00e6ldende garantibestemmelser for producenten af hardware.<\/p>\n<p>Hvis k\u00f8ber vil p\u00e5ber\u00e5be sig en fejl\/mangel, skal k\u00f8ber straks og uden ugrundet ophold give\u00a0JM Data\u00a0skriftlig meddelelse herom med angivelse af, hvori manglen best\u00e5r. S\u00e5fremt k\u00f8ber har opdaget eller burde have opdaget fejl\/mangel og ikke reklamerer som anf\u00f8rt, kan k\u00f8ber ikke senere g\u00f8re manglen g\u00e6ldende. Foretages der uautoriserede forandringer eller indgreb i det leverede uden\u00a0JM Data\u00b4s skriftlige samtykke, fritages\u00a0JM Data\u00a0for enhver forpligtelse.<\/p>\n<p>JM Data\u00a0kan efter modtagelsen af en eventuel reklamationen, bede k\u00f8ber returnere den mangelfulde vare for k\u00f8bers regning og risiko i original emballage.\u00a0JM Data\u00a0forbeholder sig retten til kun at modtage den defekte del.\u00a0JM Data\u00a0forbeholder sig retten til at teste varer, som er returneret p\u00e5 baggrund af fejl eller mangler. Konstaterer\u00a0JM Data, at det returnerede produkt efter endt test ikke er beh\u00e6ftet med mangler, vil produktet blive returneret til k\u00f8ber med opkr\u00e6vning af forbrugt tid.<\/p>\n<p>10. <strong>Garanti<\/strong><br \/>\nGaranti p\u00e5 indk\u00f8bt varer fra\u00a0JM Data\u00a0vil til en hver tid f\u00f8lge producentens g\u00e6ldende garantibestemmelser. Garantien d\u00e6kker fra den dato det indk\u00f8bte produkt er modtaget af kunden.<\/p>\n<p>11. <strong>Ansvarsbegr\u00e6nsning<\/strong><br \/>\nEt erstatningskrav overfor\u00a0JM Data\u00a0kan ikke overstige fakturabel\u00f8bet for den solgte genstand, eller det fakturerede timeforbrug for det p\u00e5g\u00e6ldende klagepunkt.\u00a0JM Data\u00b4s erstatningsansvar er begr\u00e6nset til direkte tab og\u00a0JM Data\u00a0h\u00e6fter ikke for driftstab, avance tab eller andre indirekte tab.\u00a0JM Data\u00a0er uden ansvar for forsinkelse eller mangler, der skyldes afhj\u00e6lpning eller ombytning eller fors\u00f8g herp\u00e5.<\/p>\n<p>Der tages forbehold for \u00e6ndringer.<br \/>\n\u00a9 JM Data, Ikast ApS<\/p>\n","protected":false},"excerpt":{"rendered":"<p>Salgs- og leveringsbetingelser for\u00a0JM Data, Ikast ApS 1. Generelt Disse salgs- og leveringsbetingelser g\u00e6lder for samtlige leverancer med mindre andet er skriftligt aftalt mellem parterne.<\/p>\n","protected":false},"author":3,"featured_media":0,"parent":0,"menu_order":0,"comment_status":"closed","ping_status":"closed","template":"","meta":{"footnotes":""},"categories":[51],"tags":[61,62],"class_list":["post-49","page","type-page","status-publish","hentry","category-diverse","tag-betingelser","tag-handel"],"_links":{"self":[{"href":"https:\/\/skyservice.dk\/wordpress\/jmdata\/wp-json\/wp\/v2\/pages\/49","targetHints":{"allow":["GET"]}}],"collection":[{"href":"https:\/\/skyservice.dk\/wordpress\/jmdata\/wp-json\/wp\/v2\/pages"}],"about":[{"href":"https:\/\/skyservice.dk\/wordpress\/jmdata\/wp-json\/wp\/v2\/types\/page"}],"author":[{"embeddable":true,"href":"https:\/\/skyservice.dk\/wordpress\/jmdata\/wp-json\/wp\/v2\/users\/3"}],"replies":[{"embeddable":true,"href":"https:\/\/skyservice.dk\/wordpress\/jmdata\/wp-json\/wp\/v2\/comments?post=49"}],"version-history":[{"count":11,"href":"https:\/\/skyservice.dk\/wordpress\/jmdata\/wp-json\/wp\/v2\/pages\/49\/revisions"}],"predecessor-version":[{"id":1728,"href":"https:\/\/skyservice.dk\/wordpress\/jmdata\/wp-json\/wp\/v2\/pages\/49\/revisions\/1728"}],"wp:attachment":[{"href":"https:\/\/skyservice.dk\/wordpress\/jmdata\/wp-json\/wp\/v2\/media?parent=49"}],"wp:term":[{"taxonomy":"category","embeddable":true,"href":"https:\/\/skyservice.dk\/wordpress\/jmdata\/wp-json\/wp\/v2\/categories?post=49"},{"taxonomy":"post_tag","embeddable":true,"href":"https:\/\/skyservice.dk\/wordpress\/jmdata\/wp-json\/wp\/v2\/tags?post=49"}],"curies":[{"name":"wp","href":"https:\/\/api.w.org\/{rel}","templated":true}]}}