{"id":948,"date":"2018-05-24T15:00:35","date_gmt":"2018-05-24T13:00:35","guid":{"rendered":"https:\/\/skyservice.dk\/wordpress\/jmdata\/?page_id=948"},"modified":"2022-01-29T08:30:07","modified_gmt":"2022-01-29T07:30:07","slug":"persondatapolitik","status":"publish","type":"page","link":"https:\/\/skyservice.dk\/wordpress\/jmdata\/persondatapolitik","title":{"rendered":"Persondatapolitik"},"content":{"rendered":"\n<p><strong>Persondatapolitik for JM Data, Ikast ApS<\/strong><br>\nSidst opdateret 24-05-2018<\/p>\n<p>JM Data, Ikast ApS behandler persondata og derfor vedtaget denne persondatapolitik der fort\u00e6ller dig hvordan disse data bliver behandlet. Persondatapolitikken beskriver hvordan data via webformularer og cookies opsamles og benyttes af JM Data, Ikast ApS.<!--more--> F\u00e5 specifik viden omkring hvordan JM Data, Ikast ApS h\u00e5ndtere cookies, l\u00e6s venligst vores <a href=\"https:\/\/skyservice.dk\/wordpress\/jmdata\/cookie-og-privatlivspolitik\">cookie- og privatlivspolitik<\/a>.<br>\nDu har mulighed for at f\u00e5 indsigt i, hvilke informationer der er registreret om dig, og du kan g\u00f8re indsigelse mod en registrering i henhold til reglerne i persondataloven (se mere under afsnittet <a href=\"https:\/\/skyservice.dk\/wordpress\/jmdata\/persondatapolitik#1\">behandling af persondata<\/a>).<\/p>\n<p><strong>Kontaktoplysninger<\/strong><br>\nJM Data, Ikast ApS er dataansvarlig, og vi sikrer at de persondata oplysninger vi indsamler, behandles i overensstemmelse med lovgivningen.<\/p>\n<p>Kontaktperson: John Moeslund, JM Data, Ikast ApS<br>\nAdresse: Navervej 15, DK-7430 Ikast<br>\nCVR: 25064216<br>\nTelefonnummer: +45 2011 1852<br>\nE-mail adresse: <a href=\"mailto:kontakt@jmdata.dk\">kontakt@jmdata.dk<\/a><br>\nWebsite: www.jmdata.dk<\/p>\n<p><a name=\"1\"><\/a><strong>Transparent databehandling<\/strong><br>\nN\u00e5r vi indsamler data vil vi til enhver tid oplyse om hvilken data vi anvender og til hvilket form\u00e5l.<\/p>\n<p><strong>Behandling af persondata<\/strong><br>\nVi anvender data om dig for at levere en bedre service og samtidig sikre kvalitet i vores produkter og tjenester.<\/p>\n<p><strong>Persondata<\/strong><br>\nI enkelte tilf\u00e6lde er der behov for at sammenstille dine data med data vi modtager fra andre parter f.eks. fra de sociale medier. Hvis denne sammenstilling kan afsl\u00f8re din identitet eller oplysningerne er af privat\/f\u00f8lsom karakter, indhentes dit samtykke til databehandlingen.<\/p>\n<p><strong>Indsamling og opbevaring af persondata til bestemte form\u00e5l<\/strong><br>\nBehandling af data i forbindelse med bestemte form\u00e5l eller andre lovlige forretningsm\u00e6ssige form\u00e5l kan ske ved k\u00f8b af produkter, tilmelding af nyhedsbrev, begivenheder eller andet materiale udgivet af os. Ved indsamling og behandling af data til bestemte form\u00e5l, behandler vi kun data der er relevant for form\u00e5let. Det er form\u00e5lets karakter der udg\u00f8r hvilken persondata der er relevant at indhente og behandle. Vi indhenter eller behandler ikke data der ikke har relevans for form\u00e5let.<\/p>\n<p><strong>Kontrol og opdatering af persondata<\/strong><br>\nVi kontrollerer, at de persondata, vi behandler om dig ikke er usande eller vildledende. Vi opdaterer ogs\u00e5 dine persondata l\u00f8bende. Vores service og ydelse til dig er afh\u00e6ngig af, at dine data er korrekte og opdateret, s\u00e5 vi beder dig derfor om at oplyse os om, hvis der er relevante \u00e6ndringer i dine data (benyt kontaktoplysningerne).<br>\nFor at sikre kvaliteten af de data vi behandler, har vi vedtaget interne regler og fastlagt en procedure for opbevaring, kontrol og opdatering af dine persondata.<br>\nVi sletter dine persondata n\u00e5r de ikke l\u00e6ngere er n\u00f8dvendige i forhold til det form\u00e5l, som var grunden til vores indsamling, behandling og opbevaring af dine data.<\/p>\n<p><strong>Samtykke<\/strong><br>\nVi indhenter dit samtykke, inden vi behandler dine persondata til de form\u00e5l, der er beskrevet ovenfor, med mindre vi har et lovligt grundlag for at indhente dem. Vi oplyser selvf\u00f8lgelig dig som bruger, om vores legitime interesse i at behandle dine persondata. Dit samtykke er frivilligt og du kan til enhver tid tr\u00e6kke dit samtykke tilbage ved at henvende dig til os. Hvis vi \u00f8nsker at benytte dine persondata til andet end det oprindelige form\u00e5l, er det vores pligt at informere dig om dette samt opkr\u00e6ve et nyt samtykke til det \u00e6ndrede form\u00e5l.<br>\nVideregiver vi dine persondata til samarbejdspartnere og akt\u00f8rer bl.a. til brug for markedsf\u00f8ring, indhenter vi dit samtykke og informerer om, hvad dine data vil blive anvendt til. Du kan til enhver tid g\u00f8re indsigelse imod denne form for videregivelse ved at kontakte os. Vi indhenter ikke dit samtykke hvis vi er retsligt forpligtet til at videregive dine persondata.<br>\nVi indhenter dit samtykke hvis det er n\u00f8dvendigt at anvende en underdatabehandler i lande uden for EU til behandling af dine persondata. Vi stiller krav til samarbejdspartnere i lande uden for EU, bl.a. behandling af data, s\u00e5 vi sikrer at dine oplysninger bliver behandlet efter kravene i persondataforordningen.<\/p>\n<p><strong>Sikkerhed<\/strong><br>\nVi har interne regler om informationssikkerhed, som indeholder instrukser og foranstaltninger, der beskytter dine persondata mod at blive tabt, \u00e6ndret, tilintetgjort, uautoriseret offentligg\u00f8relse og mod at uvedkommende f\u00e5r adgang eller kendskab til dem. I tilf\u00e6lde af sikkerhedsbrud der resulterer i en risiko for dig, vil vi hurtigst muligt underrette dig om sikkerhedsbruddet.<\/p>\n<p><strong>Dine rettigheder<\/strong><br>\nDu har ret til at f\u00e5 oplyst hvilke data vi behandler om dig, hvor de data stammer fra, hvad vi anvender data til og hvordan vi opbevarer data. Ydermere, kan du ogs\u00e5 f\u00e5 oplyst hvor l\u00e6nge vi opbevarer de data vi har om dig. Anmoder du om at f\u00e5 indsigt i hvilke oplysninger vi behandler om dig, kan du til enhver tid f\u00e5 indsigt i de data ved at henvende dig til os (find kontaktoplysningerne \u00f8verst).<\/p>\n<p><strong>F\u00e5 rettet eller slettet dine persondata<\/strong><br>\nMener du der er fejl i de persondata, vi behandler om dig, har du ret til at f\u00e5 dem rettet. Du kan henvende dig til os og oplyse os om, hvilke data der ikke er korrekte og hvad der skal rettes, s\u00e5 tager vi kontakt til dig og aftaler hvordan vi f\u00e5r rettet de persondata, s\u00e5 vi f\u00e5r rettet de data med samtykke og p\u00e5 korrekte vilk\u00e5r i henhold til lovgivningen.<br>\nI visse tilf\u00e6lde har vi en forpligtelse til at slette din persondata. Denne forpligtelse tr\u00e6der i kr\u00e6ft hvis du tr\u00e6kker dit samtykke tilbage, hvis du mener at dine data ikke er n\u00f8dvendige ift. Det form\u00e5l, som vi indhentede dem til, eller hvis du mener at dine data bliver behandlet i strid med lovgivningen eller andre forpligtelser. I s\u00e5 fald, at du \u00f8nsker dine persondata slettet, kan du kontakte os og oplyse hvilke data du \u00f8nsker slettet og hvorfor, s\u00e5 s\u00f8rger vi for at dine data slettes.<br>\nI tilf\u00e6lde af du henvender dig til os vedr. at dine data skal rettes eller slettes, unders\u00f8ger vi om betingelserne er opfyldt, og gennemf\u00f8rer i s\u00e5 fald rettelse eller sletning inden for 30 dage.<\/p>\n<p><strong>Indsigelse mod vores behandling af dine persondata<\/strong><br>\nDet er din ret at g\u00f8re indsigelse mod vores behandling af dine persondata. Du kan g\u00f8re indsigelse mod vores videregivelse af dine data til markedsf\u00f8ringsform\u00e5l. Agter du at g\u00f8re indsigelse sender du din indsigelse til os (find kontaktoplysninger \u00f8verst), finder vi din indsigelse berettiget, s\u00f8rger vi for at behandlingen af din data oph\u00f8rer hurtigst muligt.<br>\nDu har ret til at f\u00e5 oplyst de persondata du har stillet til r\u00e5dighed for os, og de data vi har indhentet om dig hos andre parter p\u00e5 baggrund af dit samtykke. Du har ogs\u00e5 ret til at overf\u00f8re dine persondata til en anden tjenesteudbyder. \u00d8nsker du at bruge din dataportabilitet, s\u00f8rger vi for at sende dig din persondata i et almindeligt anvendt format.<br>\n\u00d8nsker du at f\u00e5 adgang til dine data, f\u00e5 dem rettet eller slettet eller g\u00f8re indsigelse, unders\u00f8ger vi om det er muligt og giver dig svar hurtigst muligt og senest en m\u00e5ned efter vi har modtaget din henvendelse.<\/p>\n<p><strong>JM Data, Ikast ApS<\/strong><br>\nNavervej 15<br>\nDK-7430 Ikast<br>\nTlf.: +45 9725 0034<br>\nE-mail: <a href=\"mailto:kontakt@jmdata.dk\">kontakt@jmdata.dk<\/a><\/p>\n","protected":false},"excerpt":{"rendered":"<p>Persondatapolitik for JM Data, Ikast ApS Sidst opdateret 24-05-2018 JM Data, Ikast ApS behandler persondata og derfor vedtaget denne persondatapolitik der fort\u00e6ller dig hvordan disse data bliver behandlet. Persondatapolitikken beskriver hvordan data via webformularer og cookies opsamles og benyttes af JM Data, Ikast ApS.<\/p>\n","protected":false},"author":3,"featured_media":0,"parent":0,"menu_order":0,"comment_status":"closed","ping_status":"closed","template":"","meta":{"footnotes":""},"categories":[14],"tags":[77],"class_list":["post-948","page","type-page","status-publish","hentry","category-sikkerhed","tag-persondatapolitik"],"_links":{"self":[{"href":"https:\/\/skyservice.dk\/wordpress\/jmdata\/wp-json\/wp\/v2\/pages\/948","targetHints":{"allow":["GET"]}}],"collection":[{"href":"https:\/\/skyservice.dk\/wordpress\/jmdata\/wp-json\/wp\/v2\/pages"}],"about":[{"href":"https:\/\/skyservice.dk\/wordpress\/jmdata\/wp-json\/wp\/v2\/types\/page"}],"author":[{"embeddable":true,"href":"https:\/\/skyservice.dk\/wordpress\/jmdata\/wp-json\/wp\/v2\/users\/3"}],"replies":[{"embeddable":true,"href":"https:\/\/skyservice.dk\/wordpress\/jmdata\/wp-json\/wp\/v2\/comments?post=948"}],"version-history":[{"count":17,"href":"https:\/\/skyservice.dk\/wordpress\/jmdata\/wp-json\/wp\/v2\/pages\/948\/revisions"}],"predecessor-version":[{"id":1725,"href":"https:\/\/skyservice.dk\/wordpress\/jmdata\/wp-json\/wp\/v2\/pages\/948\/revisions\/1725"}],"wp:attachment":[{"href":"https:\/\/skyservice.dk\/wordpress\/jmdata\/wp-json\/wp\/v2\/media?parent=948"}],"wp:term":[{"taxonomy":"category","embeddable":true,"href":"https:\/\/skyservice.dk\/wordpress\/jmdata\/wp-json\/wp\/v2\/categories?post=948"},{"taxonomy":"post_tag","embeddable":true,"href":"https:\/\/skyservice.dk\/wordpress\/jmdata\/wp-json\/wp\/v2\/tags?post=948"}],"curies":[{"name":"wp","href":"https:\/\/api.w.org\/{rel}","templated":true}]}}